{"id":12,"date":"2018-12-27T16:21:11","date_gmt":"2018-12-27T16:21:11","guid":{"rendered":"http:\/\/liegauer-liederlust.de\/?page_id=12"},"modified":"2019-12-09T06:18:15","modified_gmt":"2019-12-09T06:18:15","slug":"liegauer-liederlust-e-v","status":"publish","type":"page","link":"https:\/\/liegauer-liederlust.de\/","title":{"rendered":"Liegauer Liederlust e.V."},"content":{"rendered":"\r\n<p>Herzlich Willkommen bei der Liegauer Liederlust, dem Chor in Liegau-Augustusbad.<br \/>Sie finden hier Informationen zum Chor, zu den n\u00e4chsten Auftritten und dem Verein.<br \/>Viel Spa\u00df beim Umschauen. <br \/>Bei Fragen steht Ihnen unser Chorleiter Andreas Z\u00f6llner gern zur Verf\u00fcgung.<\/p>\r\n\r\n\r\n\r\n\r\n\r\n<figure class=\"wp-block-image\"><img loading=\"lazy\" decoding=\"async\" width=\"1024\" height=\"706\" class=\"wp-image-7\" src=\"https:\/\/liegauer-liederlust.de\/wp-content\/uploads\/2018\/12\/AC-2-1024x706.jpg\" alt=\"\" srcset=\"https:\/\/liegauer-liederlust.de\/wp-content\/uploads\/2018\/12\/AC-2-1024x706.jpg 1024w, https:\/\/liegauer-liederlust.de\/wp-content\/uploads\/2018\/12\/AC-2-300x207.jpg 300w, https:\/\/liegauer-liederlust.de\/wp-content\/uploads\/2018\/12\/AC-2-768x529.jpg 768w\" sizes=\"auto, (max-width: 709px) 85vw, (max-width: 909px) 67vw, (max-width: 1362px) 62vw, 840px\" \/>\r\n<figcaption>Eine kleine schmucke Auswahl unseres Chores mit Orchester &#8211; Chorleiter Andreas Z\u00f6llner (mit Gitarre).<\/figcaption>\r\n<\/figure>\r\n\r\n\r\n\r\n<p>&nbsp;<\/p>\r\n\r\n\r\n\r\n<p>&nbsp;<\/p>\r\n","protected":false},"excerpt":{"rendered":"<p>Herzlich Willkommen bei der Liegauer Liederlust, dem Chor in Liegau-Augustusbad.Sie finden hier Informationen zum Chor, zu den n\u00e4chsten Auftritten und dem Verein.Viel Spa\u00df beim Umschauen. Bei Fragen steht Ihnen unser Chorleiter Andreas Z\u00f6llner gern zur Verf\u00fcgung. &nbsp; &nbsp;<\/p>\n","protected":false},"author":1,"featured_media":0,"parent":0,"menu_order":0,"comment_status":"closed","ping_status":"closed","template":"","meta":{"footnotes":""},"class_list":["post-12","page","type-page","status-publish","hentry"],"_links":{"self":[{"href":"https:\/\/liegauer-liederlust.de\/index.php?rest_route=\/wp\/v2\/pages\/12","targetHints":{"allow":["GET"]}}],"collection":[{"href":"https:\/\/liegauer-liederlust.de\/index.php?rest_route=\/wp\/v2\/pages"}],"about":[{"href":"https:\/\/liegauer-liederlust.de\/index.php?rest_route=\/wp\/v2\/types\/page"}],"author":[{"embeddable":true,"href":"https:\/\/liegauer-liederlust.de\/index.php?rest_route=\/wp\/v2\/users\/1"}],"replies":[{"embeddable":true,"href":"https:\/\/liegauer-liederlust.de\/index.php?rest_route=%2Fwp%2Fv2%2Fcomments&post=12"}],"version-history":[{"count":18,"href":"https:\/\/liegauer-liederlust.de\/index.php?rest_route=\/wp\/v2\/pages\/12\/revisions"}],"predecessor-version":[{"id":180,"href":"https:\/\/liegauer-liederlust.de\/index.php?rest_route=\/wp\/v2\/pages\/12\/revisions\/180"}],"wp:attachment":[{"href":"https:\/\/liegauer-liederlust.de\/index.php?rest_route=%2Fwp%2Fv2%2Fmedia&parent=12"}],"curies":[{"name":"wp","href":"https:\/\/api.w.org\/{rel}","templated":true}]}}