{"id":93,"date":"2019-01-31T08:32:14","date_gmt":"2019-01-31T08:32:14","guid":{"rendered":"http:\/\/liegauer-liederlust.de\/?page_id=93"},"modified":"2019-06-21T08:46:27","modified_gmt":"2019-06-21T08:46:27","slug":"unser-verein-liegauer-liederlust-e-v","status":"publish","type":"page","link":"https:\/\/liegauer-liederlust.de\/?page_id=93","title":{"rendered":"Verein"},"content":{"rendered":"\n<p>Alle S\u00e4nger des Chores sind Mitglieder des Vereins und somit die Basis unserer Arbeit. <br>Daneben gibt es die M\u00f6glichkeit F\u00f6rdermitglied zu werden. <br>Das ist gut f\u00fcr die Seele, f\u00fcr das Dorf und f\u00fcr den Chor. Also z\u00f6gern Sie nicht.<\/p>\n\n\n\n<p>Wer etwas unverbindlicher unterst\u00fctzen will, spendet einfach einmalig einen kleinen oder gro\u00dfen Betrag. <br>Bankverbindung siehe unten.<br>Ab 200 EURO fordern Sie bitte eine Spendenquittung an.<br><\/p>\n\n\n\n<p>Hier sind die wichtigsten Dokumente einzusehen:<\/p>\n\n\n\n<div class=\"wp-block-file\"><a href=\"https:\/\/liegauer-liederlust.de\/wp-content\/uploads\/2019\/01\/Liegauer-Liederlust-Satzung.pdf\" target=\"_blank\" rel=\"noreferrer noopener\">Liegauer Liederlust Satzung<\/a><\/div>\n\n\n\n<div class=\"wp-block-file\"><a href=\"https:\/\/liegauer-liederlust.de\/wp-content\/uploads\/2019\/01\/Liegauer-Liederlust-Mitgliedsantrag.pdf\" target=\"_blank\" rel=\"noreferrer noopener\">Liegauer Liederlust Mitgliedsantrag<\/a><\/div>\n\n\n\n<div class=\"wp-block-file\"><a href=\"https:\/\/liegauer-liederlust.de\/wp-content\/uploads\/2019\/06\/Liegauer-Liederlust-Beitragsordnung.pdf\" target=\"_blank\" rel=\"noreferrer noopener\">Liegauer Liederlust Beitragsordnung<\/a><\/div>\n\n\n\n<p>Bankverbindung:<br>Liegauer Liederlust e.V.<br>DE56 8505 0300 0221 1629 76<br><br><\/p>\n","protected":false},"excerpt":{"rendered":"<p>Alle S\u00e4nger des Chores sind Mitglieder des Vereins und somit die Basis unserer Arbeit. Daneben gibt es die M\u00f6glichkeit F\u00f6rdermitglied zu werden. Das ist gut f\u00fcr die Seele, f\u00fcr das Dorf und f\u00fcr den Chor. Also z\u00f6gern Sie nicht. Wer etwas unverbindlicher unterst\u00fctzen will, spendet einfach einmalig einen kleinen oder gro\u00dfen Betrag. Bankverbindung siehe unten.Ab &hellip; <a href=\"https:\/\/liegauer-liederlust.de\/?page_id=93\" class=\"more-link\"><span class=\"screen-reader-text\">\u201eVerein\u201c<\/span> weiterlesen<\/a><\/p>\n","protected":false},"author":1,"featured_media":0,"parent":0,"menu_order":0,"comment_status":"closed","ping_status":"closed","template":"","meta":{"footnotes":""},"class_list":["post-93","page","type-page","status-publish","hentry"],"_links":{"self":[{"href":"https:\/\/liegauer-liederlust.de\/index.php?rest_route=\/wp\/v2\/pages\/93","targetHints":{"allow":["GET"]}}],"collection":[{"href":"https:\/\/liegauer-liederlust.de\/index.php?rest_route=\/wp\/v2\/pages"}],"about":[{"href":"https:\/\/liegauer-liederlust.de\/index.php?rest_route=\/wp\/v2\/types\/page"}],"author":[{"embeddable":true,"href":"https:\/\/liegauer-liederlust.de\/index.php?rest_route=\/wp\/v2\/users\/1"}],"replies":[{"embeddable":true,"href":"https:\/\/liegauer-liederlust.de\/index.php?rest_route=%2Fwp%2Fv2%2Fcomments&post=93"}],"version-history":[{"count":9,"href":"https:\/\/liegauer-liederlust.de\/index.php?rest_route=\/wp\/v2\/pages\/93\/revisions"}],"predecessor-version":[{"id":167,"href":"https:\/\/liegauer-liederlust.de\/index.php?rest_route=\/wp\/v2\/pages\/93\/revisions\/167"}],"wp:attachment":[{"href":"https:\/\/liegauer-liederlust.de\/index.php?rest_route=%2Fwp%2Fv2%2Fmedia&parent=93"}],"curies":[{"name":"wp","href":"https:\/\/api.w.org\/{rel}","templated":true}]}}